{"id":282,"date":"2010-06-27T14:58:54","date_gmt":"2010-06-27T14:58:54","guid":{"rendered":"http:\/\/rigg.is\/"},"modified":"2010-06-27T14:58:54","modified_gmt":"2010-06-27T14:58:54","slug":"video","status":"publish","type":"page","link":"https:\/\/www.rigg.is\/index.php\/fridrikomar\/video\/","title":{"rendered":"Video"},"content":{"rendered":"<p>Sorry for poor quality in some of the videos:)<\/p>\n<p><iframe loading=\"lazy\" title=\"Somebody to love by Fri\u00f0rik \u00d3mar - Queen\" width=\"640\" height=\"480\" src=\"https:\/\/www.youtube.com\/embed\/shl7RA5S_2Y?feature=oembed\" frameborder=\"0\" allow=\"accelerometer; autoplay; clipboard-write; encrypted-media; gyroscope; picture-in-picture; web-share\" referrerpolicy=\"strict-origin-when-cross-origin\" allowfullscreen><\/iframe><\/p>\n<p><iframe loading=\"lazy\" title=\"Winter Wonderland - Fri\u00f0rik \u00d3mar - LIVE\" width=\"640\" height=\"480\" src=\"https:\/\/www.youtube.com\/embed\/84Wlpr3IkAQ?feature=oembed\" frameborder=\"0\" allow=\"accelerometer; autoplay; clipboard-write; encrypted-media; gyroscope; picture-in-picture; web-share\" referrerpolicy=\"strict-origin-when-cross-origin\" allowfullscreen><\/iframe><\/p>\n<p><iframe loading=\"lazy\" title=\"Frostr\u00f3sir 2009 - Fri\u00f0rik \u00d3mar sings Ave Maria\" width=\"640\" height=\"480\" src=\"https:\/\/www.youtube.com\/embed\/z4Nl4CVigSY?feature=oembed\" frameborder=\"0\" allow=\"accelerometer; autoplay; clipboard-write; encrypted-media; gyroscope; picture-in-picture; web-share\" referrerpolicy=\"strict-origin-when-cross-origin\" allowfullscreen><\/iframe><\/p>\n<p><iframe loading=\"lazy\" title=\"Farinn - Fri\u00f0rik \u00d3mar - LIVE\" width=\"640\" height=\"480\" src=\"https:\/\/www.youtube.com\/embed\/_bQfVuD3G6U?feature=oembed\" frameborder=\"0\" allow=\"accelerometer; autoplay; clipboard-write; encrypted-media; gyroscope; picture-in-picture; web-share\" referrerpolicy=\"strict-origin-when-cross-origin\" allowfullscreen><\/iframe><\/p>\n<p><iframe loading=\"lazy\" title=\"Fri\u00f0rik \u00d3mar (Fridrik Omar) - This Is My Life (Live @ UK Eurovision Preview Party 2009, London)\" width=\"640\" height=\"480\" src=\"https:\/\/www.youtube.com\/embed\/vCMu7UfUeJs?feature=oembed\" frameborder=\"0\" allow=\"accelerometer; autoplay; clipboard-write; encrypted-media; gyroscope; picture-in-picture; web-share\" referrerpolicy=\"strict-origin-when-cross-origin\" allowfullscreen><\/iframe><\/p>\n<p><iframe loading=\"lazy\" title=\"Gospel Festival - ABC 20 years 2008 - Fri\u00f0rik \u00d3mar - You Raise Me Up\" width=\"640\" height=\"480\" src=\"https:\/\/www.youtube.com\/embed\/hc_5h1k_Ou4?feature=oembed\" frameborder=\"0\" allow=\"accelerometer; autoplay; clipboard-write; encrypted-media; gyroscope; picture-in-picture; web-share\" referrerpolicy=\"strict-origin-when-cross-origin\" allowfullscreen><\/iframe><\/p>\n<p><iframe loading=\"lazy\" title=\"Frostr\u00f3sir 2009 - Fri\u00f0rik \u00d3mar - \u00c9g Ver\u00f0 Heima Um J\u00f3lin\" width=\"640\" height=\"480\" src=\"https:\/\/www.youtube.com\/embed\/WrkJsDpo3c8?feature=oembed\" frameborder=\"0\" allow=\"accelerometer; autoplay; clipboard-write; encrypted-media; gyroscope; picture-in-picture; web-share\" referrerpolicy=\"strict-origin-when-cross-origin\" allowfullscreen><\/iframe><\/p>\n<p><iframe loading=\"lazy\" title=\"Fri\u00f0rik \u00d3mar\" width=\"640\" height=\"480\" src=\"https:\/\/www.youtube.com\/embed\/i4x-3CHNZV4?feature=oembed\" frameborder=\"0\" allow=\"accelerometer; autoplay; clipboard-write; encrypted-media; gyroscope; picture-in-picture; web-share\" referrerpolicy=\"strict-origin-when-cross-origin\" allowfullscreen><\/iframe><\/p>\n<p><iframe loading=\"lazy\" title=\"Extra Elvis Memorial Concert 2010 - Always On My Mind (1972)\" width=\"640\" height=\"480\" src=\"https:\/\/www.youtube.com\/embed\/v35-kfF25m4?feature=oembed\" frameborder=\"0\" allow=\"accelerometer; autoplay; clipboard-write; encrypted-media; gyroscope; picture-in-picture; web-share\" referrerpolicy=\"strict-origin-when-cross-origin\" allowfullscreen><\/iframe><\/p>\n","protected":false},"excerpt":{"rendered":"<p>Sorry for poor quality in some of the videos:)<\/p>\n","protected":false},"author":4,"featured_media":0,"parent":38,"menu_order":0,"comment_status":"open","ping_status":"closed","template":"","meta":{"footnotes":""},"class_list":["post-282","page","type-page","status-publish","hentry"],"_links":{"self":[{"href":"https:\/\/www.rigg.is\/index.php\/wp-json\/wp\/v2\/pages\/282","targetHints":{"allow":["GET"]}}],"collection":[{"href":"https:\/\/www.rigg.is\/index.php\/wp-json\/wp\/v2\/pages"}],"about":[{"href":"https:\/\/www.rigg.is\/index.php\/wp-json\/wp\/v2\/types\/page"}],"author":[{"embeddable":true,"href":"https:\/\/www.rigg.is\/index.php\/wp-json\/wp\/v2\/users\/4"}],"replies":[{"embeddable":true,"href":"https:\/\/www.rigg.is\/index.php\/wp-json\/wp\/v2\/comments?post=282"}],"version-history":[{"count":0,"href":"https:\/\/www.rigg.is\/index.php\/wp-json\/wp\/v2\/pages\/282\/revisions"}],"up":[{"embeddable":true,"href":"https:\/\/www.rigg.is\/index.php\/wp-json\/wp\/v2\/pages\/38"}],"wp:attachment":[{"href":"https:\/\/www.rigg.is\/index.php\/wp-json\/wp\/v2\/media?parent=282"}],"curies":[{"name":"wp","href":"https:\/\/api.w.org\/{rel}","templated":true}]}}