{"id":31,"date":"2009-11-25T11:39:09","date_gmt":"2009-11-25T11:39:09","guid":{"rendered":"http:\/\/rigg.is\/demo\/?page_id=31"},"modified":"2009-11-25T11:39:09","modified_gmt":"2009-11-25T11:39:09","slug":"vinalog","status":"publish","type":"page","link":"https:\/\/www.rigg.is\/index.php\/vinalog\/","title":{"rendered":"Vinal\u00f6g"},"content":{"rendered":"<p>R\u00d3ME\u00d3 OG J\u00daL\u00cdA &#8211; Fri\u00f0rik \u00d3mar og J\u00f3gvan Hansen &#8211; LIVE<br \/>\n<object classid=\"clsid:d27cdb6e-ae6d-11cf-96b8-444553540000\" width=\"480\" height=\"295\" codebase=\"http:\/\/download.macromedia.com\/pub\/shockwave\/cabs\/flash\/swflash.cab#version=6,0,40,0\"><param name=\"allowFullScreen\" value=\"true\" \/><param name=\"allowscriptaccess\" value=\"always\" \/><param name=\"src\" value=\"http:\/\/www.youtube.com\/v\/joIrXDSqiJM&amp;hl=en_US&amp;fs=1&amp;color1=0x234900&amp;color2=0x4e9e00\" \/><param name=\"allowfullscreen\" value=\"true\" \/><embed type=\"application\/x-shockwave-flash\" width=\"480\" height=\"295\" src=\"http:\/\/www.youtube.com\/v\/joIrXDSqiJM&amp;hl=en_US&amp;fs=1&amp;color1=0x234900&amp;color2=0x4e9e00\" allowscriptaccess=\"always\" allowfullscreen=\"true\"><\/embed><\/object><img loading=\"lazy\" decoding=\"async\" class=\"alignnone size-full wp-image-72\" title=\"Picture 1\" src=\"http:\/\/rigg.is\/wp-content\/uploads\/2009\/11\/Picture-11.png\" alt=\"Picture 1\" width=\"452\" height=\"357\" \/><\/p>\n<p>Vinal\u00f6g er verkefni Rigg og Senu sem slegi\u00f0 hefur r\u00e6kilega \u00ed gegn h\u00e9r \u00e1 landi og \u00ed F\u00e6reyjum.<\/p>\n","protected":false},"excerpt":{"rendered":"<p>R\u00d3ME\u00d3 OG J\u00daL\u00cdA &#8211; Fri\u00f0rik \u00d3mar og J\u00f3gvan Hansen &#8211; LIVE Vinal\u00f6g er verkefni Rigg og Senu sem slegi\u00f0 hefur r\u00e6kilega \u00ed gegn h\u00e9r \u00e1 landi og \u00ed F\u00e6reyjum.<\/p>\n","protected":false},"author":2,"featured_media":0,"parent":0,"menu_order":3,"comment_status":"open","ping_status":"closed","template":"","meta":{"footnotes":""},"class_list":["post-31","page","type-page","status-publish","hentry"],"_links":{"self":[{"href":"https:\/\/www.rigg.is\/index.php\/wp-json\/wp\/v2\/pages\/31","targetHints":{"allow":["GET"]}}],"collection":[{"href":"https:\/\/www.rigg.is\/index.php\/wp-json\/wp\/v2\/pages"}],"about":[{"href":"https:\/\/www.rigg.is\/index.php\/wp-json\/wp\/v2\/types\/page"}],"author":[{"embeddable":true,"href":"https:\/\/www.rigg.is\/index.php\/wp-json\/wp\/v2\/users\/2"}],"replies":[{"embeddable":true,"href":"https:\/\/www.rigg.is\/index.php\/wp-json\/wp\/v2\/comments?post=31"}],"version-history":[{"count":0,"href":"https:\/\/www.rigg.is\/index.php\/wp-json\/wp\/v2\/pages\/31\/revisions"}],"wp:attachment":[{"href":"https:\/\/www.rigg.is\/index.php\/wp-json\/wp\/v2\/media?parent=31"}],"curies":[{"name":"wp","href":"https:\/\/api.w.org\/{rel}","templated":true}]}}